{"id":2,"date":"2025-07-08T13:28:03","date_gmt":"2025-07-08T13:28:03","guid":{"rendered":"http:\/\/molina-avocate.com\/?page_id=2"},"modified":"2025-08-19T15:35:56","modified_gmt":"2025-08-19T15:35:56","slug":"sample-page","status":"publish","type":"page","link":"https:\/\/molina-avocate.com\/index.php\/sample-page\/","title":{"rendered":"Mentions l\u00e9gales"},"content":{"rendered":"\n<blockquote class=\"wp-block-quote is-layout-flow wp-block-quote-is-layout-flow\">\n<p class=\"is-style-default has-manrope-font-family\" style=\"font-style:normal;font-weight:400\"><em><strong>Responsable de publication\u00a0<\/strong>\u2013\u00a0<\/em>Le propri\u00e9taire et \u00e9diteur de ce site est le Cabinet de\u00a0Maitre Laetitia Molina \u00a0dont le si\u00e8ge social est situ\u00e9 au 11 avenue Georges Cl\u00e9menceau \u00e0 Nice (06 000) (E.I. &#8211; Siren 929 752 384).<\/p>\n\n\n\n<p class=\"has-manrope-font-family\"><em><strong>H\u00e9bergement du site \u2013&nbsp;<\/strong><\/em>Le site  internet du cabinet de Ma\u00eetre Molina  est h\u00e9berg\u00e9 en France chez OVH dont le si\u00e8ge social est situ\u00e9 2 Rue Kellermann 59 100 \u00e0 ROUBAIX.<\/p>\n\n\n\n<p class=\"has-manrope-font-family\"><em><strong>Vie Priv\u00e9e \u2013&nbsp;<\/strong> <\/em>L&#8217;ensemble des donn\u00e9es \u00e0 caract\u00e8re personnel communiqu\u00e9es au Cabinet de&nbsp;Maitre Molina par le biais du site font l\u2019objet d\u2019un traitement informatique dont  il est le responsable. <\/p>\n\n\n\n<p class=\"has-manrope-font-family\">Le&nbsp;Cabinet s\u2019engage \u00e0 ne pas vendre, partager, ni divulguer vos donn\u00e9es personnelles nominatives \u00e0 des tiers. Cependant, ces donn\u00e9es peuvent \u00eatre occasionnellement transmises \u00e0 des tiers agissant pour le compte ou au nom du Cabinet de&nbsp;Maitre Molina&nbsp;ou en relation avec l\u2019activit\u00e9&nbsp;du&nbsp;Cabinet de&nbsp;Maitre Molina dans le cadre de l\u2019utilisation pour laquelle elles avaient \u00e9t\u00e9 recueillies \u00e0 l\u2019origine.<\/p>\n\n\n\n<p class=\"has-manrope-font-family\"><em><strong>Droit d\u2019acc\u00e8s \u2013&nbsp;<\/strong><\/em>Vous disposez du droit d\u2019acc\u00e8s et de mise \u00e0 jour de vos donn\u00e9es personnelles nominatives ainsi que du droit de demander leur suppression, conform\u00e9ment \u00e0 la Loi n\u00b0 78-17 du 6 janvier 1978 relative \u00e0 l\u2019informatique, aux fichiers et aux libert\u00e9s. <\/p>\n\n\n\n<p class=\"has-manrope-font-family\">Nous nous engageons \u00e0 nous assurer que vos donn\u00e9es personnelles nominatives sont \u00e0 jour, exactes et compl\u00e8tes. Si vous souhaitez acc\u00e9der \u00e0 vos donn\u00e9es personnelles ou les corriger, merci de bien vouloir contacter par courrier le responsable de la protection des donn\u00e9es \u00e0 l\u2019adresse suivante :\u00a0Cabinet de\u00a0Maitre Laetitia Molina\u2013 11 avenue Georges Cl\u00e9menceau &#8211; 06 000 Nice.<\/p>\n\n\n\n<p class=\"has-manrope-font-family\">Les demandes de suppression des donn\u00e9es personnelles seront soumises aux exigences qui s\u2019imposent au&nbsp;Cabinet de&nbsp;Maitre Molina tant d&#8217;un point de vue juridique qu&#8217;\u00e9thique, dans les domaines du reporting, de l\u2019archivage et du stockage de document.<\/p>\n\n\n\n<p class=\"has-manrope-font-family\"><em><strong>Cookies \u2013&nbsp;<\/strong><\/em>Vous pouvez assurer la gestion des cookies au travers du navigateur internet que vous utilisez afin d\u2019acc\u00e9der au  pr\u00e9sent site.<\/p>\n\n\n\n<p class=\"has-manrope-font-family\"><em><strong>Propri\u00e9t\u00e9 intellectuelle \u2013&nbsp;<\/strong><\/em>L\u2019ensemble du site rel\u00e8ve de la l\u00e9gislation fran\u00e7aise sur le droit d\u2019auteur et la propri\u00e9t\u00e9 intellectuelle. Tous les droits de reproduction, de repr\u00e9sentation et de mise \u00e0 disposition du public sont r\u00e9serv\u00e9s, sauf autorisation expresse et \u00e9crite du&nbsp;Cabinet de&nbsp;Maitre Molina.<\/p>\n\n\n\n<p class=\"has-manrope-font-family\"><em><strong>Responsabilit\u00e9 \u2013&nbsp;<\/strong><\/em>Les liens hypertextes redirigeant vers d\u2019autres ressources pr\u00e9sentes sur le site Internet ne sont propos\u00e9s que pour des raisons de commodit\u00e9.  Ni leur contenu ou les liens qu\u2019ils contiennent, ni les changements ou mises \u00e0 jour qui leur sont apport\u00e9s, ne sauraient engager la responsabilit\u00e9 du&nbsp;Cabinet de&nbsp;Maitre Molina. La d\u00e9cision d\u2019activer ces liens appartient exclusivement aux utilisateurs du web. <\/p>\n\n\n\n<p class=\"has-manrope-font-family\">Le&nbsp;Cabinet de&nbsp;Maitre Molina s&#8217;exon\u00e8re de toute responsabilit\u00e9 concernant les liens cr\u00e9\u00e9s par d\u2019autres sites vers son site Internet.<\/p>\n<\/blockquote>\n\n\n\n<p><\/p>\n","protected":false},"excerpt":{"rendered":"<p>Responsable de publication\u00a0\u2013\u00a0Le propri\u00e9taire et \u00e9diteur de ce site est le Cabinet de\u00a0Maitre Laetitia Molina \u00a0dont le si\u00e8ge social est situ\u00e9 au 11 avenue Georges Cl\u00e9menceau \u00e0 Nice (06 000) (E.I. &#8211; Siren 929 752 384). H\u00e9bergement du site \u2013&nbsp;Le site internet du cabinet de Ma\u00eetre Molina est h\u00e9berg\u00e9 en France chez OVH dont le [&hellip;]<\/p>\n","protected":false},"author":1,"featured_media":0,"parent":0,"menu_order":0,"comment_status":"closed","ping_status":"open","template":"","meta":{"footnotes":""},"class_list":["post-2","page","type-page","status-publish","hentry"],"yoast_head":"<!-- This site is optimized with the Yoast SEO plugin v27.0 - https:\/\/yoast.com\/product\/yoast-seo-wordpress\/ -->\n<title>Mentions l\u00e9gales - Laetitia Molina<\/title>\n<meta name=\"robots\" content=\"index, follow, max-snippet:-1, max-image-preview:large, max-video-preview:-1\" \/>\n<link rel=\"canonical\" href=\"https:\/\/molina-avocate.com\/index.php\/sample-page\/\" \/>\n<meta property=\"og:locale\" content=\"en_US\" \/>\n<meta property=\"og:type\" content=\"article\" \/>\n<meta property=\"og:title\" content=\"Mentions l\u00e9gales - Laetitia Molina\" \/>\n<meta property=\"og:description\" content=\"Responsable de publication\u00a0\u2013\u00a0Le propri\u00e9taire et \u00e9diteur de ce site est le Cabinet de\u00a0Maitre Laetitia Molina \u00a0dont le si\u00e8ge social est situ\u00e9 au 11 avenue Georges Cl\u00e9menceau \u00e0 Nice (06 000) (E.I. &#8211; Siren 929 752 384). H\u00e9bergement du site \u2013&nbsp;Le site internet du cabinet de Ma\u00eetre Molina est h\u00e9berg\u00e9 en France chez OVH dont le [&hellip;]\" \/>\n<meta property=\"og:url\" content=\"https:\/\/molina-avocate.com\/index.php\/sample-page\/\" \/>\n<meta property=\"og:site_name\" content=\"Laetitia Molina\" \/>\n<meta property=\"article:modified_time\" content=\"2025-08-19T15:35:56+00:00\" \/>\n<meta name=\"twitter:card\" content=\"summary_large_image\" \/>\n<script type=\"application\/ld+json\" class=\"yoast-schema-graph\">{\"@context\":\"https:\/\/schema.org\",\"@graph\":[{\"@type\":\"WebPage\",\"@id\":\"https:\/\/molina-avocate.com\/index.php\/sample-page\/\",\"url\":\"https:\/\/molina-avocate.com\/index.php\/sample-page\/\",\"name\":\"Mentions l\u00e9gales - Laetitia Molina\",\"isPartOf\":{\"@id\":\"https:\/\/molina-avocate.com\/#website\"},\"datePublished\":\"2025-07-08T13:28:03+00:00\",\"dateModified\":\"2025-08-19T15:35:56+00:00\",\"breadcrumb\":{\"@id\":\"https:\/\/molina-avocate.com\/index.php\/sample-page\/#breadcrumb\"},\"inLanguage\":\"en-US\",\"potentialAction\":[{\"@type\":\"ReadAction\",\"target\":[\"https:\/\/molina-avocate.com\/index.php\/sample-page\/\"]}]},{\"@type\":\"BreadcrumbList\",\"@id\":\"https:\/\/molina-avocate.com\/index.php\/sample-page\/#breadcrumb\",\"itemListElement\":[{\"@type\":\"ListItem\",\"position\":1,\"name\":\"Home\",\"item\":\"https:\/\/molina-avocate.com\/\"},{\"@type\":\"ListItem\",\"position\":2,\"name\":\"Mentions l\u00e9gales\"}]},{\"@type\":\"WebSite\",\"@id\":\"https:\/\/molina-avocate.com\/#website\",\"url\":\"https:\/\/molina-avocate.com\/\",\"name\":\"Laetitia Molina\",\"description\":\"Avocate \u00e0 la Cour\",\"publisher\":{\"@id\":\"https:\/\/molina-avocate.com\/#organization\"},\"potentialAction\":[{\"@type\":\"SearchAction\",\"target\":{\"@type\":\"EntryPoint\",\"urlTemplate\":\"https:\/\/molina-avocate.com\/?s={search_term_string}\"},\"query-input\":{\"@type\":\"PropertyValueSpecification\",\"valueRequired\":true,\"valueName\":\"search_term_string\"}}],\"inLanguage\":\"en-US\"},{\"@type\":\"Organization\",\"@id\":\"https:\/\/molina-avocate.com\/#organization\",\"name\":\"Laetitia Molina\",\"url\":\"https:\/\/molina-avocate.com\/\",\"logo\":{\"@type\":\"ImageObject\",\"inLanguage\":\"en-US\",\"@id\":\"https:\/\/molina-avocate.com\/#\/schema\/logo\/image\/\",\"url\":\"https:\/\/molina-avocate.com\/wp-content\/uploads\/2025\/08\/WEB-MOLINA-Laetitia-170725-edited-1.jpg\",\"contentUrl\":\"https:\/\/molina-avocate.com\/wp-content\/uploads\/2025\/08\/WEB-MOLINA-Laetitia-170725-edited-1.jpg\",\"width\":1500,\"height\":1000,\"caption\":\"Laetitia Molina\"},\"image\":{\"@id\":\"https:\/\/molina-avocate.com\/#\/schema\/logo\/image\/\"}}]}<\/script>\n<!-- \/ Yoast SEO plugin. -->","yoast_head_json":{"title":"Mentions l\u00e9gales - Laetitia Molina","robots":{"index":"index","follow":"follow","max-snippet":"max-snippet:-1","max-image-preview":"max-image-preview:large","max-video-preview":"max-video-preview:-1"},"canonical":"https:\/\/molina-avocate.com\/index.php\/sample-page\/","og_locale":"en_US","og_type":"article","og_title":"Mentions l\u00e9gales - Laetitia Molina","og_description":"Responsable de publication\u00a0\u2013\u00a0Le propri\u00e9taire et \u00e9diteur de ce site est le Cabinet de\u00a0Maitre Laetitia Molina \u00a0dont le si\u00e8ge social est situ\u00e9 au 11 avenue Georges Cl\u00e9menceau \u00e0 Nice (06 000) (E.I. &#8211; Siren 929 752 384). H\u00e9bergement du site \u2013&nbsp;Le site internet du cabinet de Ma\u00eetre Molina est h\u00e9berg\u00e9 en France chez OVH dont le [&hellip;]","og_url":"https:\/\/molina-avocate.com\/index.php\/sample-page\/","og_site_name":"Laetitia Molina","article_modified_time":"2025-08-19T15:35:56+00:00","twitter_card":"summary_large_image","schema":{"@context":"https:\/\/schema.org","@graph":[{"@type":"WebPage","@id":"https:\/\/molina-avocate.com\/index.php\/sample-page\/","url":"https:\/\/molina-avocate.com\/index.php\/sample-page\/","name":"Mentions l\u00e9gales - Laetitia Molina","isPartOf":{"@id":"https:\/\/molina-avocate.com\/#website"},"datePublished":"2025-07-08T13:28:03+00:00","dateModified":"2025-08-19T15:35:56+00:00","breadcrumb":{"@id":"https:\/\/molina-avocate.com\/index.php\/sample-page\/#breadcrumb"},"inLanguage":"en-US","potentialAction":[{"@type":"ReadAction","target":["https:\/\/molina-avocate.com\/index.php\/sample-page\/"]}]},{"@type":"BreadcrumbList","@id":"https:\/\/molina-avocate.com\/index.php\/sample-page\/#breadcrumb","itemListElement":[{"@type":"ListItem","position":1,"name":"Home","item":"https:\/\/molina-avocate.com\/"},{"@type":"ListItem","position":2,"name":"Mentions l\u00e9gales"}]},{"@type":"WebSite","@id":"https:\/\/molina-avocate.com\/#website","url":"https:\/\/molina-avocate.com\/","name":"Laetitia Molina","description":"Avocate \u00e0 la Cour","publisher":{"@id":"https:\/\/molina-avocate.com\/#organization"},"potentialAction":[{"@type":"SearchAction","target":{"@type":"EntryPoint","urlTemplate":"https:\/\/molina-avocate.com\/?s={search_term_string}"},"query-input":{"@type":"PropertyValueSpecification","valueRequired":true,"valueName":"search_term_string"}}],"inLanguage":"en-US"},{"@type":"Organization","@id":"https:\/\/molina-avocate.com\/#organization","name":"Laetitia Molina","url":"https:\/\/molina-avocate.com\/","logo":{"@type":"ImageObject","inLanguage":"en-US","@id":"https:\/\/molina-avocate.com\/#\/schema\/logo\/image\/","url":"https:\/\/molina-avocate.com\/wp-content\/uploads\/2025\/08\/WEB-MOLINA-Laetitia-170725-edited-1.jpg","contentUrl":"https:\/\/molina-avocate.com\/wp-content\/uploads\/2025\/08\/WEB-MOLINA-Laetitia-170725-edited-1.jpg","width":1500,"height":1000,"caption":"Laetitia Molina"},"image":{"@id":"https:\/\/molina-avocate.com\/#\/schema\/logo\/image\/"}}]}},"_links":{"self":[{"href":"https:\/\/molina-avocate.com\/index.php\/wp-json\/wp\/v2\/pages\/2","targetHints":{"allow":["GET"]}}],"collection":[{"href":"https:\/\/molina-avocate.com\/index.php\/wp-json\/wp\/v2\/pages"}],"about":[{"href":"https:\/\/molina-avocate.com\/index.php\/wp-json\/wp\/v2\/types\/page"}],"author":[{"embeddable":true,"href":"https:\/\/molina-avocate.com\/index.php\/wp-json\/wp\/v2\/users\/1"}],"replies":[{"embeddable":true,"href":"https:\/\/molina-avocate.com\/index.php\/wp-json\/wp\/v2\/comments?post=2"}],"version-history":[{"count":4,"href":"https:\/\/molina-avocate.com\/index.php\/wp-json\/wp\/v2\/pages\/2\/revisions"}],"predecessor-version":[{"id":164,"href":"https:\/\/molina-avocate.com\/index.php\/wp-json\/wp\/v2\/pages\/2\/revisions\/164"}],"wp:attachment":[{"href":"https:\/\/molina-avocate.com\/index.php\/wp-json\/wp\/v2\/media?parent=2"}],"curies":[{"name":"wp","href":"https:\/\/api.w.org\/{rel}","templated":true}]}}